{"id":304,"date":"2019-10-18T14:30:46","date_gmt":"2019-10-18T12:30:46","guid":{"rendered":"https:\/\/minimeau.fr\/?page_id=304"},"modified":"2019-10-18T14:34:42","modified_gmt":"2019-10-18T12:34:42","slug":"cookies","status":"publish","type":"page","link":"https:\/\/minimeau.fr\/?page_id=304","title":{"rendered":"Cookies"},"content":{"rendered":"<p>[et_pb_section fb_built=\u00a0\u00bb1&Prime; _builder_version=\u00a0\u00bb3.26.6&Prime;][et_pb_row _builder_version=\u00a0\u00bb3.26.6&Prime;][et_pb_column _builder_version=\u00a0\u00bb3.26.6&Prime; type=\u00a0\u00bb4_4&Prime;][et_pb_text _builder_version=\u00a0\u00bb3.26.6&Prime;]<\/p>\n<h2>COOKIES<\/h2>\n<p><strong>POLITIQUE D\u2019UTILISATION DES COOKIES<\/strong><\/p>\n<p>En quoi consistent les cookies ?<br \/> Un cookie est un petit fichier texte, image ou logiciel, qui est plac\u00e9 et stock\u00e9 sur votre ordinateur, votre smartphone ou tout autre appareil permettant de naviguer sur Internet, lorsque vous consultez notre site et nos services sous r\u00e9serve des choix que vous avez exprim\u00e9s et qui vont \u00eatre utilis\u00e9s pour reconna\u00eetre votre terminal lorsque vous vous connectez \u00e0 notre site.<br \/> Ces cookies nous permettent notablement d\u2019\u00e9tablir des statistiques et comptages de fr\u00e9quentation et d\u2019utilisation des diverses rubriques et contenus de notre site et de faire des \u00e9tudes pour en am\u00e9liorer le contenu.<br \/> Les informations concernant votre navigation sont effac\u00e9es ou anonymis\u00e9es :<br \/>\u2022 au bout de 6 mois lorsque ces informations servent \u00e0 \u00e9tablir des statistiques et comptages de fr\u00e9quentation et d\u2019utilisation des diverses rubriques et contenus de notre site et de nos services.<br \/> Lorsque vous naviguez sur notre site, vous acceptez par d\u00e9faut d\u2019installer ces cookies sur votre navigateur.<br \/> Pour les refuser, vous pouvez configurer les pr\u00e9f\u00e9rences de votre logiciel de navigation (voir explications ci-dessous).<\/p>\n<p><strong>Les cookies tiers<\/strong><br \/> Notre site peut contenir des liens vers ou depuis des sites partenaires et d\u2019autres sites tiers. Si vous naviguez vers un de ces sites, veuillez noter qu\u2019ils poss\u00e8dent leur propre politique de confidentialit\u00e9 et que notre responsabilit\u00e9 s\u2019arr\u00eate au moment o\u00f9 vous quittez notre site. V\u00e9rifiez les politiques de confidentialit\u00e9 avant de transmettre vos donn\u00e9es personnelles \u00e0 des sites tiers.<\/p>\n<p>Si vous souhaitez plus d\u2019informations sur les cookies, leur fonctionnement et leur utilisation, vous pouvez vous rendre sur le site <a href=\"www.cnil.fr%20\">www.cnil.fr<\/a>.<\/p>\n<p>Notre conseil : ne d\u00e9sactivez pas les cookies car cela vous emp\u00eachera de b\u00e9n\u00e9ficier des fonctionnalit\u00e9s de certains sites dont la proposition de service d\u00e9pend de l\u2019utilisation de ces m\u00eames cookies.<br \/> Vous pouvez modifier la gestions des cookies pour le minimeau.fr<br \/> Vous pouvez modifier la gestion des cookies, en configurant votre ordinateur en fonction de votre navigateur web :<\/p>\n<p><strong>Vous utilisez Microsoft Internet Explorer<\/strong> :<br \/> \u2022 Dans Internet Explorer, cliquez sur le bouton \u00ab Outils \u00bb, puis sur \u00ab Options Internet \u00bb.<br \/> \u2022 Sous l\u2019onglet G\u00e9n\u00e9ral, sous \u00ab Historique de navigation \u00bb, cliquez sur \u00ab Param\u00e8tres \u00bb.<br \/> \u2022 Cliquez sur le bouton \u00ab Afficher les fichiers \u00bb.<br \/> \u2022 Cliquez sur l\u2019en-t\u00eate de colonne \u00ab Nom \u00bb pour trier tous les fichiers dans l\u2019ordre alphab\u00e9tique, puis parcourez la liste jusqu\u2019\u00e0 ce que vous voyiez des fichiers commen\u00e7ant par le pr\u00e9fixe \u00ab Cookie \u00bb. (Tous les cookies poss\u00e8dent ce pr\u00e9fixe et contiennent habituellement le nom du site Web qui a cr\u00e9\u00e9 le cookie).<br \/> \u2022 S\u00e9lectionnez-le ou les cookies concern\u00e9s et supprimez-les.<br \/> \u2022 Fermez la fen\u00eatre qui contient la liste des fichiers, puis cliquez deux fois sur OK pour retourner dans Internet Explorer.<br \/> Vous trouverez plus d\u2019informations sur les cookies dans le site de Microsoft \u00e0 cette adresse : http:\/\/www.microsoft.com\/info\/cookies.htm?RLD=291<\/p>\n<p><strong>Vous utilisez FireFox<\/strong> :<br \/> \u2022 Allez dans l\u2019onglet \u00ab Outils \u00bb du navigateur puis s\u00e9lectionnez le menu \u00ab Options \u00bb.<br \/> \u2022 Dans la fen\u00eatre qui s\u2019affiche, choisissez \u00ab Vie priv\u00e9e \u00bb et cliquez sur \u00ab Affichez les cookies \u00bb.<br \/> \u2022 Rep\u00e9rez les fichiers concern\u00e9s, s\u00e9lectionnez-les et supprimez-les.<\/p>\n<p><strong>Vous utilisez Google Chrome :<\/strong><br \/> \u2022 Cliquez sur l\u2019ic\u00f4ne du menu \u00ab Outils \u00bb.<br \/> \u2022 S\u00e9lectionnez \u00ab Options \u00bb.<br \/> \u2022 Cliquez sur l\u2019onglet \u00ab Options avanc\u00e9es \u00bb et acc\u00e9dez \u00e0 la section \u00ab Confidentialit\u00e9 \u00bb.<br \/> \u2022 Cliquez sur le bouton \u00ab Afficher les cookies \u00bb.<br \/> \u2022 Rep\u00e9rez les fichiers concern\u00e9s, s\u00e9lectionnez-les et supprimez-les.<br \/> \u2022 Cliquez sur \u00ab Fermer \u00bb pour revenir \u00e0 votre navigateur.<\/p>\n<p><strong>Vous utilisez Safari :<\/strong><br \/> \u2022 Dans votre navigateur, choisissez le menu \u00ab \u00c9dition &gt; Pr\u00e9f\u00e9rences \u00bb.<br \/> \u2022 Cliquez sur \u00ab S\u00e9curit\u00e9 \u00bb.<br \/> \u2022 Cliquez sur \u00ab Afficher les cookies \u00bb.<br \/> \u2022 S\u00e9lectionnez les cookies concern\u00e9s et cliquez sur \u00ab Effacer \u00bb ou sur \u00ab Tout effacer \u00bb.<br \/> \u2022 Apr\u00e8s avoir supprim\u00e9 les cookies, cliquez sur \u00ab Termin\u00e9 \u00bb.<\/p>\n<p>[\/et_pb_text][\/et_pb_column][\/et_pb_row][\/et_pb_section]<\/p>\n","protected":false},"excerpt":{"rendered":"<p>COOKIES POLITIQUE D\u2019UTILISATION DES COOKIES En quoi consistent les cookies ? Un cookie est un petit fichier texte, image ou logiciel, qui est plac\u00e9 et stock\u00e9 sur votre ordinateur, votre smartphone ou tout autre appareil permettant de naviguer sur Internet, lorsque vous consultez notre site et nos services sous r\u00e9serve des choix que vous avez [&hellip;]<\/p>\n","protected":false},"author":1,"featured_media":0,"parent":0,"menu_order":0,"comment_status":"closed","ping_status":"closed","template":"","meta":{"_et_pb_use_builder":"on","_et_pb_old_content":"","_et_gb_content_width":""},"yoast_head":"<!-- This site is optimized with the Yoast SEO plugin v19.6 - https:\/\/yoast.com\/wordpress\/plugins\/seo\/ -->\n<title>Cookies - Minimeau<\/title>\n<meta name=\"robots\" content=\"index, follow, max-snippet:-1, max-image-preview:large, max-video-preview:-1\" \/>\n<link rel=\"canonical\" href=\"https:\/\/minimeau.fr\/?page_id=304\" \/>\n<meta property=\"og:locale\" content=\"fr_FR\" \/>\n<meta property=\"og:type\" content=\"article\" \/>\n<meta property=\"og:title\" content=\"Cookies - Minimeau\" \/>\n<meta property=\"og:description\" content=\"COOKIES POLITIQUE D\u2019UTILISATION DES COOKIES En quoi consistent les cookies ? Un cookie est un petit fichier texte, image ou logiciel, qui est plac\u00e9 et stock\u00e9 sur votre ordinateur, votre smartphone ou tout autre appareil permettant de naviguer sur Internet, lorsque vous consultez notre site et nos services sous r\u00e9serve des choix que vous avez [&hellip;]\" \/>\n<meta property=\"og:url\" content=\"https:\/\/minimeau.fr\/?page_id=304\" \/>\n<meta property=\"og:site_name\" content=\"Minimeau\" \/>\n<meta property=\"article:modified_time\" content=\"2019-10-18T12:34:42+00:00\" \/>\n<meta name=\"twitter:card\" content=\"summary_large_image\" \/>\n<meta name=\"twitter:site\" content=\"@crittiaapaca\" \/>\n<meta name=\"twitter:label1\" content=\"Dur\u00e9e de lecture estim\u00e9e\" \/>\n\t<meta name=\"twitter:data1\" content=\"3 minutes\" \/>\n<script type=\"application\/ld+json\" class=\"yoast-schema-graph\">{\"@context\":\"https:\/\/schema.org\",\"@graph\":[{\"@type\":\"WebPage\",\"@id\":\"https:\/\/minimeau.fr\/?page_id=304\",\"url\":\"https:\/\/minimeau.fr\/?page_id=304\",\"name\":\"Cookies - Minimeau\",\"isPartOf\":{\"@id\":\"https:\/\/minimeau.fr\/#website\"},\"datePublished\":\"2019-10-18T12:30:46+00:00\",\"dateModified\":\"2019-10-18T12:34:42+00:00\",\"breadcrumb\":{\"@id\":\"https:\/\/minimeau.fr\/?page_id=304#breadcrumb\"},\"inLanguage\":\"fr-FR\",\"potentialAction\":[{\"@type\":\"ReadAction\",\"target\":[\"https:\/\/minimeau.fr\/?page_id=304\"]}]},{\"@type\":\"BreadcrumbList\",\"@id\":\"https:\/\/minimeau.fr\/?page_id=304#breadcrumb\",\"itemListElement\":[{\"@type\":\"ListItem\",\"position\":1,\"name\":\"Accueil\",\"item\":\"https:\/\/minimeau.fr\/\"},{\"@type\":\"ListItem\",\"position\":2,\"name\":\"Cookies\"}]},{\"@type\":\"WebSite\",\"@id\":\"https:\/\/minimeau.fr\/#website\",\"url\":\"https:\/\/minimeau.fr\/\",\"name\":\"Minimeau\",\"description\":\"Stimuler le renouveau industriel\",\"potentialAction\":[{\"@type\":\"SearchAction\",\"target\":{\"@type\":\"EntryPoint\",\"urlTemplate\":\"https:\/\/minimeau.fr\/?s={search_term_string}\"},\"query-input\":\"required name=search_term_string\"}],\"inLanguage\":\"fr-FR\"}]}<\/script>\n<!-- \/ Yoast SEO plugin. -->","yoast_head_json":{"title":"Cookies - Minimeau","robots":{"index":"index","follow":"follow","max-snippet":"max-snippet:-1","max-image-preview":"max-image-preview:large","max-video-preview":"max-video-preview:-1"},"canonical":"https:\/\/minimeau.fr\/?page_id=304","og_locale":"fr_FR","og_type":"article","og_title":"Cookies - Minimeau","og_description":"COOKIES POLITIQUE D\u2019UTILISATION DES COOKIES En quoi consistent les cookies ? Un cookie est un petit fichier texte, image ou logiciel, qui est plac\u00e9 et stock\u00e9 sur votre ordinateur, votre smartphone ou tout autre appareil permettant de naviguer sur Internet, lorsque vous consultez notre site et nos services sous r\u00e9serve des choix que vous avez [&hellip;]","og_url":"https:\/\/minimeau.fr\/?page_id=304","og_site_name":"Minimeau","article_modified_time":"2019-10-18T12:34:42+00:00","twitter_card":"summary_large_image","twitter_site":"@crittiaapaca","twitter_misc":{"Dur\u00e9e de lecture estim\u00e9e":"3 minutes"},"schema":{"@context":"https:\/\/schema.org","@graph":[{"@type":"WebPage","@id":"https:\/\/minimeau.fr\/?page_id=304","url":"https:\/\/minimeau.fr\/?page_id=304","name":"Cookies - Minimeau","isPartOf":{"@id":"https:\/\/minimeau.fr\/#website"},"datePublished":"2019-10-18T12:30:46+00:00","dateModified":"2019-10-18T12:34:42+00:00","breadcrumb":{"@id":"https:\/\/minimeau.fr\/?page_id=304#breadcrumb"},"inLanguage":"fr-FR","potentialAction":[{"@type":"ReadAction","target":["https:\/\/minimeau.fr\/?page_id=304"]}]},{"@type":"BreadcrumbList","@id":"https:\/\/minimeau.fr\/?page_id=304#breadcrumb","itemListElement":[{"@type":"ListItem","position":1,"name":"Accueil","item":"https:\/\/minimeau.fr\/"},{"@type":"ListItem","position":2,"name":"Cookies"}]},{"@type":"WebSite","@id":"https:\/\/minimeau.fr\/#website","url":"https:\/\/minimeau.fr\/","name":"Minimeau","description":"Stimuler le renouveau industriel","potentialAction":[{"@type":"SearchAction","target":{"@type":"EntryPoint","urlTemplate":"https:\/\/minimeau.fr\/?s={search_term_string}"},"query-input":"required name=search_term_string"}],"inLanguage":"fr-FR"}]}},"_links":{"self":[{"href":"https:\/\/minimeau.fr\/index.php?rest_route=\/wp\/v2\/pages\/304"}],"collection":[{"href":"https:\/\/minimeau.fr\/index.php?rest_route=\/wp\/v2\/pages"}],"about":[{"href":"https:\/\/minimeau.fr\/index.php?rest_route=\/wp\/v2\/types\/page"}],"author":[{"embeddable":true,"href":"https:\/\/minimeau.fr\/index.php?rest_route=\/wp\/v2\/users\/1"}],"replies":[{"embeddable":true,"href":"https:\/\/minimeau.fr\/index.php?rest_route=%2Fwp%2Fv2%2Fcomments&post=304"}],"version-history":[{"count":2,"href":"https:\/\/minimeau.fr\/index.php?rest_route=\/wp\/v2\/pages\/304\/revisions"}],"predecessor-version":[{"id":307,"href":"https:\/\/minimeau.fr\/index.php?rest_route=\/wp\/v2\/pages\/304\/revisions\/307"}],"wp:attachment":[{"href":"https:\/\/minimeau.fr\/index.php?rest_route=%2Fwp%2Fv2%2Fmedia&parent=304"}],"curies":[{"name":"wp","href":"https:\/\/api.w.org\/{rel}","templated":true}]}}