{"id":295,"date":"2019-10-18T14:17:26","date_gmt":"2019-10-18T12:17:26","guid":{"rendered":"https:\/\/minimeau.fr\/?page_id=295"},"modified":"2019-10-18T14:26:24","modified_gmt":"2019-10-18T12:26:24","slug":"mentions-legales-et-politiques-de-confidentialites","status":"publish","type":"page","link":"https:\/\/minimeau.fr\/?page_id=295","title":{"rendered":"Mentions l\u00e9gales et Politiques de confidentialit\u00e9s"},"content":{"rendered":"<p>[et_pb_section fb_built=\u00a0\u00bb1&Prime; _builder_version=\u00a0\u00bb3.26.6&Prime;][et_pb_row _builder_version=\u00a0\u00bb3.26.6&Prime;][et_pb_column type=\u00a0\u00bb4_4&Prime; _builder_version=\u00a0\u00bb3.26.6&Prime;][et_pb_text _builder_version=\u00a0\u00bb3.26.6&Prime;]<\/p>\n<h2>Mentions l\u00e9gales et Politiques de confidentialit\u00e9s<\/h2>\n<p><strong>EDITION DU SITE<\/strong><br \/> Critt Agroalimentaire PACA, Organisme public situ\u00e9 100 Rue Pierre Bayle, BP 11548, 84916 AVIGNON CEDEX<br \/> Num\u00e9ro de t\u00e9l\u00e9phone : 04 90 31 55 08<br \/> E-mail : critt@critt-iaa-paca.com<\/p>\n<p><strong>HEBERGEMENT DU SITE<\/strong><br \/> Ce site est h\u00e9berg\u00e9 chez OVH<br \/> Si\u00e8ge social : 18 rue du faubourg du temple, 75011 Paris<br \/> Num\u00e9ro de t\u00e9l\u00e9phone : 0810 278 385<\/p>\n<p><strong>CREDITS ET DROITS DE REPRODUCTION<\/strong><br \/> Textes et Photos : Critt Agroalimentaire PACA<br \/> Conception et int\u00e9gration : <a href=\"https:\/\/www.id2i.net\" target=\"_blank\" rel=\"noopener noreferrer\">Groupe iD2i<\/a><br \/> La reproduction de tous documents publi\u00e9s sur le Site est seulement autoris\u00e9e aux fins exclusives d&rsquo;information pour un usage strictement personnel et priv\u00e9. Toute reproduction et\/ou repr\u00e9sentation, int\u00e9grale ou partielle, du Site, ou de l&rsquo;un quelconque des \u00e9l\u00e9ments qui le composent, sur quelque support que ce soit, \u00e0 d&rsquo;autres fins, et notamment commerciales, est express\u00e9ment interdite.<\/p>\n<p><strong>CONFIDENTIALIT\u00c9<\/strong><br \/> Conform\u00e9ment \u00e0 la loi \u201cInformatique et Libert\u00e9s\u201d du 06 Janvier 1978, vous b\u00e9n\u00e9ficiez d\u2019un droit d\u2019acc\u00e8s, de rectification, de modification et de suppression aux donn\u00e9es vous concernant.<br \/> Pour exercer ce droit, vous pouvez justifier de votre identit\u00e9 et nous envoyer un courrier \u00e0 l\u2019adresse suivante ou par email :<br \/> Critt Agroalimentaire PACA<br \/> Cit\u00e9 de l\u2019alimentation<br \/> 100 Rue Pierre Bayle, BP 11548<br \/> 84916 AVIGNON CEDEX<br \/> E-mail : <a href=\"mailto:critt@critt-iaa-paca.com\">critt@critt-iaa-paca.com<\/a><\/p>\n<p><strong>CLAUSE DE CONFIDENTIALIT\u00c9<\/strong><br \/> Le Critt Agroalimentaire PACA s\u2019engage \u00e0 pr\u00e9server la confidentialit\u00e9 des donn\u00e9es \u00e0 caract\u00e8re personnel transmises par l\u2019Utilisateur dans le cadre de l\u2019utilisation du Site.<\/p>\n<p><strong>QUI PEUT CONSULTER VOS DONN\u00c9ES ?<\/strong><br \/> Vos donn\u00e9es peuvent \u00eatre transmises au sein de notre Organisme. Nous ne commercialisons et ne troquons en aucun cas vos donn\u00e9es \u00e0 des fins marketing \u00e0 des parties ext\u00e9rieures.<\/p>\n<p><strong>DUR\u00c9E DE CONSERVATION<\/strong><br \/> Les donn\u00e9es seront conserv\u00e9es pendant une dur\u00e9e de 3 ans \u00e0 compter de leur collecte ou du dernier contact sauf manifestation d\u2019une opposition de votre part \u00e0 une leur utilisation.<\/p>\n<p><strong>UTILISATION DES COOKIES<\/strong><br \/> Le minimeau.fr peut \u00e9ventuellement avoir recours aux techniques de \u201cCookies\u201d lui permettant de traiter des statistiques et des informations sur le trafic, de faciliter la navigation et d\u2019am\u00e9liorer le service pour le confort de l\u2019utilisateur. Conform\u00e9ment \u00e0 la l\u00e9gislation europ\u00e9enne, le minimeau.fr a mis \u00e0 jour sa politique d\u2019utilisation des Cookies. L\u2019utilisateur est libre d\u2019accepter ou de refuser les cookies de tous les sites internet en modifiant les param\u00e8tres de son navigateur internet.<\/p>\n<p>[\/et_pb_text][\/et_pb_column][\/et_pb_row][\/et_pb_section]<\/p>\n","protected":false},"excerpt":{"rendered":"<p>Mentions l\u00e9gales et Politiques de confidentialit\u00e9s EDITION DU SITE Critt Agroalimentaire PACA, Organisme public situ\u00e9 100 Rue Pierre Bayle, BP 11548, 84916 AVIGNON CEDEX Num\u00e9ro de t\u00e9l\u00e9phone : 04 90 31 55 08 E-mail : critt@critt-iaa-paca.com HEBERGEMENT DU SITE Ce site est h\u00e9berg\u00e9 chez OVH Si\u00e8ge social : 18 rue du faubourg du temple, 75011 [&hellip;]<\/p>\n","protected":false},"author":1,"featured_media":0,"parent":0,"menu_order":0,"comment_status":"closed","ping_status":"closed","template":"","meta":{"_et_pb_use_builder":"on","_et_pb_old_content":"","_et_gb_content_width":""},"yoast_head":"<!-- This site is optimized with the Yoast SEO plugin v19.6 - https:\/\/yoast.com\/wordpress\/plugins\/seo\/ -->\n<title>Mentions l\u00e9gales et Politiques de confidentialit\u00e9s - Minimeau<\/title>\n<meta name=\"robots\" content=\"index, follow, max-snippet:-1, max-image-preview:large, max-video-preview:-1\" \/>\n<link rel=\"canonical\" href=\"https:\/\/minimeau.fr\/?page_id=295\" \/>\n<meta property=\"og:locale\" content=\"fr_FR\" \/>\n<meta property=\"og:type\" content=\"article\" \/>\n<meta property=\"og:title\" content=\"Mentions l\u00e9gales et Politiques de confidentialit\u00e9s - Minimeau\" \/>\n<meta property=\"og:description\" content=\"Mentions l\u00e9gales et Politiques de confidentialit\u00e9s EDITION DU SITE Critt Agroalimentaire PACA, Organisme public situ\u00e9 100 Rue Pierre Bayle, BP 11548, 84916 AVIGNON CEDEX Num\u00e9ro de t\u00e9l\u00e9phone : 04 90 31 55 08 E-mail : critt@critt-iaa-paca.com HEBERGEMENT DU SITE Ce site est h\u00e9berg\u00e9 chez OVH Si\u00e8ge social : 18 rue du faubourg du temple, 75011 [&hellip;]\" \/>\n<meta property=\"og:url\" content=\"https:\/\/minimeau.fr\/?page_id=295\" \/>\n<meta property=\"og:site_name\" content=\"Minimeau\" \/>\n<meta property=\"article:modified_time\" content=\"2019-10-18T12:26:24+00:00\" \/>\n<meta name=\"twitter:card\" content=\"summary_large_image\" \/>\n<meta name=\"twitter:site\" content=\"@crittiaapaca\" \/>\n<meta name=\"twitter:label1\" content=\"Dur\u00e9e de lecture estim\u00e9e\" \/>\n\t<meta name=\"twitter:data1\" content=\"2 minutes\" \/>\n<script type=\"application\/ld+json\" class=\"yoast-schema-graph\">{\"@context\":\"https:\/\/schema.org\",\"@graph\":[{\"@type\":\"WebPage\",\"@id\":\"https:\/\/minimeau.fr\/?page_id=295\",\"url\":\"https:\/\/minimeau.fr\/?page_id=295\",\"name\":\"Mentions l\u00e9gales et Politiques de confidentialit\u00e9s - Minimeau\",\"isPartOf\":{\"@id\":\"https:\/\/minimeau.fr\/#website\"},\"datePublished\":\"2019-10-18T12:17:26+00:00\",\"dateModified\":\"2019-10-18T12:26:24+00:00\",\"breadcrumb\":{\"@id\":\"https:\/\/minimeau.fr\/?page_id=295#breadcrumb\"},\"inLanguage\":\"fr-FR\",\"potentialAction\":[{\"@type\":\"ReadAction\",\"target\":[\"https:\/\/minimeau.fr\/?page_id=295\"]}]},{\"@type\":\"BreadcrumbList\",\"@id\":\"https:\/\/minimeau.fr\/?page_id=295#breadcrumb\",\"itemListElement\":[{\"@type\":\"ListItem\",\"position\":1,\"name\":\"Accueil\",\"item\":\"https:\/\/minimeau.fr\/\"},{\"@type\":\"ListItem\",\"position\":2,\"name\":\"Mentions l\u00e9gales et Politiques de confidentialit\u00e9s\"}]},{\"@type\":\"WebSite\",\"@id\":\"https:\/\/minimeau.fr\/#website\",\"url\":\"https:\/\/minimeau.fr\/\",\"name\":\"Minimeau\",\"description\":\"Stimuler le renouveau industriel\",\"potentialAction\":[{\"@type\":\"SearchAction\",\"target\":{\"@type\":\"EntryPoint\",\"urlTemplate\":\"https:\/\/minimeau.fr\/?s={search_term_string}\"},\"query-input\":\"required name=search_term_string\"}],\"inLanguage\":\"fr-FR\"}]}<\/script>\n<!-- \/ Yoast SEO plugin. -->","yoast_head_json":{"title":"Mentions l\u00e9gales et Politiques de confidentialit\u00e9s - Minimeau","robots":{"index":"index","follow":"follow","max-snippet":"max-snippet:-1","max-image-preview":"max-image-preview:large","max-video-preview":"max-video-preview:-1"},"canonical":"https:\/\/minimeau.fr\/?page_id=295","og_locale":"fr_FR","og_type":"article","og_title":"Mentions l\u00e9gales et Politiques de confidentialit\u00e9s - Minimeau","og_description":"Mentions l\u00e9gales et Politiques de confidentialit\u00e9s EDITION DU SITE Critt Agroalimentaire PACA, Organisme public situ\u00e9 100 Rue Pierre Bayle, BP 11548, 84916 AVIGNON CEDEX Num\u00e9ro de t\u00e9l\u00e9phone : 04 90 31 55 08 E-mail : critt@critt-iaa-paca.com HEBERGEMENT DU SITE Ce site est h\u00e9berg\u00e9 chez OVH Si\u00e8ge social : 18 rue du faubourg du temple, 75011 [&hellip;]","og_url":"https:\/\/minimeau.fr\/?page_id=295","og_site_name":"Minimeau","article_modified_time":"2019-10-18T12:26:24+00:00","twitter_card":"summary_large_image","twitter_site":"@crittiaapaca","twitter_misc":{"Dur\u00e9e de lecture estim\u00e9e":"2 minutes"},"schema":{"@context":"https:\/\/schema.org","@graph":[{"@type":"WebPage","@id":"https:\/\/minimeau.fr\/?page_id=295","url":"https:\/\/minimeau.fr\/?page_id=295","name":"Mentions l\u00e9gales et Politiques de confidentialit\u00e9s - Minimeau","isPartOf":{"@id":"https:\/\/minimeau.fr\/#website"},"datePublished":"2019-10-18T12:17:26+00:00","dateModified":"2019-10-18T12:26:24+00:00","breadcrumb":{"@id":"https:\/\/minimeau.fr\/?page_id=295#breadcrumb"},"inLanguage":"fr-FR","potentialAction":[{"@type":"ReadAction","target":["https:\/\/minimeau.fr\/?page_id=295"]}]},{"@type":"BreadcrumbList","@id":"https:\/\/minimeau.fr\/?page_id=295#breadcrumb","itemListElement":[{"@type":"ListItem","position":1,"name":"Accueil","item":"https:\/\/minimeau.fr\/"},{"@type":"ListItem","position":2,"name":"Mentions l\u00e9gales et Politiques de confidentialit\u00e9s"}]},{"@type":"WebSite","@id":"https:\/\/minimeau.fr\/#website","url":"https:\/\/minimeau.fr\/","name":"Minimeau","description":"Stimuler le renouveau industriel","potentialAction":[{"@type":"SearchAction","target":{"@type":"EntryPoint","urlTemplate":"https:\/\/minimeau.fr\/?s={search_term_string}"},"query-input":"required name=search_term_string"}],"inLanguage":"fr-FR"}]}},"_links":{"self":[{"href":"https:\/\/minimeau.fr\/index.php?rest_route=\/wp\/v2\/pages\/295"}],"collection":[{"href":"https:\/\/minimeau.fr\/index.php?rest_route=\/wp\/v2\/pages"}],"about":[{"href":"https:\/\/minimeau.fr\/index.php?rest_route=\/wp\/v2\/types\/page"}],"author":[{"embeddable":true,"href":"https:\/\/minimeau.fr\/index.php?rest_route=\/wp\/v2\/users\/1"}],"replies":[{"embeddable":true,"href":"https:\/\/minimeau.fr\/index.php?rest_route=%2Fwp%2Fv2%2Fcomments&post=295"}],"version-history":[{"count":3,"href":"https:\/\/minimeau.fr\/index.php?rest_route=\/wp\/v2\/pages\/295\/revisions"}],"predecessor-version":[{"id":303,"href":"https:\/\/minimeau.fr\/index.php?rest_route=\/wp\/v2\/pages\/295\/revisions\/303"}],"wp:attachment":[{"href":"https:\/\/minimeau.fr\/index.php?rest_route=%2Fwp%2Fv2%2Fmedia&parent=295"}],"curies":[{"name":"wp","href":"https:\/\/api.w.org\/{rel}","templated":true}]}}